{"id":52,"date":"2022-08-09T22:19:03","date_gmt":"2022-08-09T22:19:03","guid":{"rendered":"http:\/\/grupologistico.mx\/?page_id=52"},"modified":"2026-04-30T10:15:41","modified_gmt":"2026-04-30T16:15:41","slug":"transportes-manzanillo","status":"publish","type":"page","link":"https:\/\/grupologistico.mx\/?page_id=52","title":{"rendered":"Transportes Manzanillo"},"content":{"rendered":"<p>[et_pb_section fb_built=\u00bb1&#8243; _builder_version=\u00bb4.17.6&#8243; _module_preset=\u00bbdefault\u00bb background_image=\u00bbhttps:\/\/grupologistico.mx\/wp-content\/uploads\/2022\/08\/Mesa-de-trabajo-4@2x-8.png\u00bb da_disable_devices=\u00bboff|off|off\u00bb global_colors_info=\u00bb{}\u00bb da_is_popup=\u00bboff\u00bb da_exit_intent=\u00bboff\u00bb da_has_close=\u00bbon\u00bb da_alt_close=\u00bboff\u00bb da_dark_close=\u00bboff\u00bb da_not_modal=\u00bbon\u00bb da_is_singular=\u00bboff\u00bb da_with_loader=\u00bboff\u00bb da_has_shadow=\u00bbon\u00bb][et_pb_row _builder_version=\u00bb4.17.6&#8243; _module_preset=\u00bbdefault\u00bb locked=\u00bboff\u00bb global_colors_info=\u00bb{}\u00bb][et_pb_column type=\u00bb4_4&#8243; _builder_version=\u00bb4.17.6&#8243; _module_preset=\u00bbdefault\u00bb global_colors_info=\u00bb{}\u00bb][et_pb_image src=\u00bbhttps:\/\/grupologistico.mx\/wp-content\/uploads\/2023\/06\/TM-BLANCO.png\u00bb title_text=\u00bbTM BLANCO\u00bb align=\u00bbcenter\u00bb _builder_version=\u00bb4.18.1&#8243; _module_preset=\u00bbdefault\u00bb background_enable_color=\u00bboff\u00bb width=\u00bb26%\u00bb width_tablet=\u00bb80%\u00bb width_phone=\u00bb80%\u00bb width_last_edited=\u00bbon|tablet\u00bb global_colors_info=\u00bb{}\u00bb][\/et_pb_image][et_pb_text _builder_version=\u00bb4.17.6&#8243; _module_preset=\u00bbdefault\u00bb text_font=\u00bbRoboto Condensed||||||||\u00bb text_text_color=\u00bb#FFFFFF\u00bb text_font_size=\u00bb23px\u00bb text_line_height=\u00bb1.3em\u00bb text_orientation=\u00bbcenter\u00bb width=\u00bb79%\u00bb width_tablet=\u00bb100%\u00bb width_phone=\u00bb100%\u00bb width_last_edited=\u00bbon|phone\u00bb module_alignment=\u00bbcenter\u00bb text_font_size_tablet=\u00bb18px\u00bb text_font_size_phone=\u00bb18px\u00bb text_font_size_last_edited=\u00bbon|tablet\u00bb global_colors_info=\u00bb{}\u00bb]<\/p>\n<p>L\u00ednea de transporte para carga especializada que garantiza calidad, seguridad y puntualidad en sus servicios, con los mejores costos para robustecer la cadena de abastecimiento y suministros de mercanc\u00edas.<\/p>\n<p>[\/et_pb_text][et_pb_divider color=\u00bb#f09001&#8243; divider_weight=\u00bb4px\u00bb _builder_version=\u00bb4.17.6&#8243; _module_preset=\u00bbdefault\u00bb width=\u00bb22%\u00bb module_alignment=\u00bbcenter\u00bb global_colors_info=\u00bb{}\u00bb][\/et_pb_divider][\/et_pb_column][\/et_pb_row][\/et_pb_section][et_pb_section fb_built=\u00bb1&#8243; _builder_version=\u00bb4.17.6&#8243; _module_preset=\u00bbdefault\u00bb da_disable_devices=\u00bboff|off|off\u00bb global_colors_info=\u00bb{}\u00bb da_is_popup=\u00bboff\u00bb da_exit_intent=\u00bboff\u00bb da_has_close=\u00bbon\u00bb da_alt_close=\u00bboff\u00bb da_dark_close=\u00bboff\u00bb da_not_modal=\u00bbon\u00bb da_is_singular=\u00bboff\u00bb da_with_loader=\u00bboff\u00bb da_has_shadow=\u00bbon\u00bb][et_pb_row column_structure=\u00bb2_5,3_5&#8243; use_custom_gutter=\u00bbon\u00bb gutter_width=\u00bb1&#8243; make_equal=\u00bbon\u00bb _builder_version=\u00bb4.17.6&#8243; _module_preset=\u00bbdefault\u00bb background_color=\u00bb#f4f4f4&#8243; custom_padding=\u00bb0px||0px||true|\u00bb global_colors_info=\u00bb{}\u00bb][et_pb_column type=\u00bb2_5&#8243; _builder_version=\u00bb4.17.6&#8243; _module_preset=\u00bbdefault\u00bb background_image=\u00bbhttps:\/\/grupologistico.mx\/wp-content\/uploads\/2022\/08\/Grupo-Logistico-trailer.png\u00bb global_colors_info=\u00bb{}\u00bb][et_pb_image src=\u00bbhttps:\/\/grupologistico.mx\/wp-content\/uploads\/2022\/08\/Grupo-Logistico-trailer.png\u00bb title_text=\u00bbGrupo-Logistico-trailer\u00bb disabled_on=\u00bboff|off|on\u00bb _builder_version=\u00bb4.27.4&#8243; _module_preset=\u00bbdefault\u00bb hover_enabled=\u00bb0&#8243; global_colors_info=\u00bb{}\u00bb sticky_enabled=\u00bb0&#8243;][\/et_pb_image][\/et_pb_column][et_pb_column type=\u00bb3_5&#8243; _builder_version=\u00bb4.17.6&#8243; _module_preset=\u00bbdefault\u00bb global_colors_info=\u00bb{}\u00bb][et_pb_text _builder_version=\u00bb4.27.4&#8243; _module_preset=\u00bbdefault\u00bb text_text_color=\u00bb#FFFFFF\u00bb header_font=\u00bbRoboto||||||||\u00bb header_text_color=\u00bb#FFFFFF\u00bb header_font_size=\u00bb25px\u00bb header_line_height=\u00bb1.2em\u00bb background_color=\u00bb#233c77&#8243; custom_margin=\u00bb25px|||-80px|false|false\u00bb custom_margin_tablet=\u00bb0px|||0px|false|false\u00bb custom_margin_phone=\u00bb0px|||0px|false|false\u00bb custom_margin_last_edited=\u00bbon|tablet\u00bb custom_padding=\u00bb25px|20px|25px|20px|true|true\u00bb hover_enabled=\u00bb0&#8243; global_colors_info=\u00bb{}\u00bb sticky_enabled=\u00bb0&#8243;]<\/p>\n<h1><span style=\"color: #f09001;\">Dise\u00f1amos soluciones integrales<\/span> de transporte terrestre para todo tipo de carga.<\/h1>\n<p>[\/et_pb_text][et_pb_text _builder_version=\u00bb4.17.6&#8243; _module_preset=\u00bbdefault\u00bb text_font=\u00bbRoboto Condensed||||||||\u00bb text_text_color=\u00bb#767676&#8243; text_font_size=\u00bb22px\u00bb header_font=\u00bbRoboto||||||||\u00bb header_text_color=\u00bb#f09001&#8243; header_font_size=\u00bb25px\u00bb width=\u00bb83%\u00bb module_alignment=\u00bbcenter\u00bb custom_padding=\u00bb24px||||false|false\u00bb border_color_all=\u00bbRGBA(255,255,255,0)\u00bb border_width_bottom=\u00bb1px\u00bb global_colors_info=\u00bb{}\u00bb]<\/p>\n<h1>Servicios<\/h1>\n<p>[\/et_pb_text][et_pb_text _builder_version=\u00bb4.17.6&#8243; _module_preset=\u00bbdefault\u00bb text_font=\u00bbRoboto Condensed||||||||\u00bb text_text_color=\u00bb#767676&#8243; text_font_size=\u00bb20px\u00bb width=\u00bb83%\u00bb module_alignment=\u00bbcenter\u00bb custom_padding=\u00bb20px||20px||true|false\u00bb border_width_bottom=\u00bb1px\u00bb border_color_bottom=\u00bb#473f9a\u00bb global_colors_info=\u00bb{}\u00bb]<\/p>\n<p>Dise\u00f1o de rutas<\/p>\n<p>[\/et_pb_text][et_pb_text _builder_version=\u00bb4.17.6&#8243; _module_preset=\u00bbdefault\u00bb text_font=\u00bbRoboto Condensed||||||||\u00bb text_text_color=\u00bb#767676&#8243; text_font_size=\u00bb20px\u00bb width=\u00bb83%\u00bb module_alignment=\u00bbcenter\u00bb custom_padding=\u00bb20px||20px||true|false\u00bb border_width_bottom=\u00bb1px\u00bb border_color_bottom=\u00bb#473f9a\u00bb global_colors_info=\u00bb{}\u00bb]<\/p>\n<p>Transporte de mercanc\u00edas<\/p>\n<p>[\/et_pb_text][et_pb_text _builder_version=\u00bb4.17.6&#8243; _module_preset=\u00bbdefault\u00bb text_font=\u00bbRoboto Condensed||||||||\u00bb text_text_color=\u00bb#767676&#8243; text_font_size=\u00bb20px\u00bb width=\u00bb83%\u00bb module_alignment=\u00bbcenter\u00bb custom_padding=\u00bb20px||20px||true|false\u00bb border_width_bottom=\u00bb1px\u00bb border_color_bottom=\u00bb#473f9a\u00bb global_colors_info=\u00bb{}\u00bb]<\/p>\n<p>Contenedores<\/p>\n<p>[\/et_pb_text][et_pb_text _builder_version=\u00bb4.17.6&#8243; _module_preset=\u00bbdefault\u00bb text_font=\u00bbRoboto Condensed||||||||\u00bb text_text_color=\u00bb#767676&#8243; text_font_size=\u00bb20px\u00bb width=\u00bb83%\u00bb module_alignment=\u00bbcenter\u00bb custom_padding=\u00bb20px||20px||true|false\u00bb border_width_bottom=\u00bb1px\u00bb border_color_bottom=\u00bb#473f9a\u00bb global_colors_info=\u00bb{}\u00bb]<\/p>\n<p>Carga sobredimensionada<\/p>\n<p>[\/et_pb_text][et_pb_text _builder_version=\u00bb4.17.6&#8243; _module_preset=\u00bbdefault\u00bb text_font=\u00bbRoboto Condensed||||||||\u00bb text_text_color=\u00bb#767676&#8243; text_font_size=\u00bb20px\u00bb width=\u00bb83%\u00bb module_alignment=\u00bbcenter\u00bb custom_padding=\u00bb20px||20px||true|false\u00bb border_width_bottom=\u00bb1px\u00bb border_color_bottom=\u00bb#473f9a\u00bb global_colors_info=\u00bb{}\u00bb]<\/p>\n<p>Carga general<\/p>\n<p>[\/et_pb_text][et_pb_text _builder_version=\u00bb4.17.6&#8243; _module_preset=\u00bbdefault\u00bb text_font=\u00bbRoboto Condensed||||||||\u00bb text_text_color=\u00bb#767676&#8243; text_font_size=\u00bb20px\u00bb width=\u00bb83%\u00bb module_alignment=\u00bbcenter\u00bb custom_padding=\u00bb20px||20px||true|false\u00bb border_color_bottom=\u00bb#473f9a\u00bb global_colors_info=\u00bb{}\u00bb]<\/p>\n<p>Carga consolidada<\/p>\n<p>[\/et_pb_text][\/et_pb_column][\/et_pb_row][\/et_pb_section][et_pb_section fb_built=\u00bb1&#8243; _builder_version=\u00bb4.17.6&#8243; _module_preset=\u00bbdefault\u00bb da_disable_devices=\u00bboff|off|off\u00bb global_colors_info=\u00bb{}\u00bb da_is_popup=\u00bboff\u00bb da_exit_intent=\u00bboff\u00bb da_has_close=\u00bbon\u00bb da_alt_close=\u00bboff\u00bb da_dark_close=\u00bboff\u00bb da_not_modal=\u00bbon\u00bb da_is_singular=\u00bboff\u00bb da_with_loader=\u00bboff\u00bb da_has_shadow=\u00bbon\u00bb][et_pb_row column_structure=\u00bb1_3,2_3&#8243; _builder_version=\u00bb4.17.6&#8243; _module_preset=\u00bbdefault\u00bb custom_padding=\u00bb0px||0px|||\u00bb global_colors_info=\u00bb{}\u00bb][et_pb_column type=\u00bb1_3&#8243; _builder_version=\u00bb4.17.6&#8243; _module_preset=\u00bbdefault\u00bb use_background_color_gradient=\u00bbon\u00bb background_color_gradient_stops=\u00bb#ffffff 50%|#f4f4f4 100%\u00bb custom_padding=\u00bb20px|25px|20px|25px|true|true\u00bb border_radii=\u00bbon|40px|40px|40px|40px\u00bb box_shadow_style=\u00bbpreset2&#8243; box_shadow_blur=\u00bb34px\u00bb box_shadow_spread=\u00bb-14px\u00bb global_colors_info=\u00bb{}\u00bb][et_pb_text _builder_version=\u00bb4.27.4&#8243; _module_preset=\u00bbdefault\u00bb header_font=\u00bbRoboto||||||||\u00bb header_text_color=\u00bb#f09001&#8243; header_font_size=\u00bb25px\u00bb hover_enabled=\u00bb0&#8243; locked=\u00bboff\u00bb global_colors_info=\u00bb{}\u00bb sticky_enabled=\u00bb0&#8243;]<\/p>\n<h1><span class=\"fontstyle0\">Ventaja Competitiva<\/span><\/h1>\n<p>[\/et_pb_text][\/et_pb_column][et_pb_column type=\u00bb2_3&#8243; _builder_version=\u00bb4.17.6&#8243; _module_preset=\u00bbdefault\u00bb global_colors_info=\u00bb{}\u00bb][et_pb_text _builder_version=\u00bb4.27.4&#8243; _module_preset=\u00bbdefault\u00bb text_font=\u00bbRoboto Condensed||||||||\u00bb text_text_color=\u00bb#000000&#8243; text_font_size=\u00bb20px\u00bb text_line_height=\u00bb1.4em\u00bb hover_enabled=\u00bb0&#8243; global_colors_info=\u00bb{}\u00bb sticky_enabled=\u00bb0&#8243;]<\/p>\n<p><span style=\"color: #ff9900;\">\u25cf <\/span>Servicio de Cuenta Espejo.<\/p>\n<p><span style=\"color: #ff9900;\">\u25cf <\/span>Unidades especializadas en carga IMO.<\/p>\n<p><span style=\"color: #ff9900;\">\u25cf <\/span>Plataformas multifuncionales, chasis, lowboy, cama baja, caja seca, torthon, portacontenedor y porta isotanques.<\/p>\n<p><span style=\"color: #ff9900;\">\u25cf <\/span>Especializado en carga suelta, carga contenerizada, isotanques flexitanques, carga sobredimensionada, carga IMO.<\/p>\n<p>[\/et_pb_text][\/et_pb_column][\/et_pb_row][\/et_pb_section][et_pb_section fb_built=\u00bb1&#8243; _builder_version=\u00bb4.17.6&#8243; _module_preset=\u00bbdefault\u00bb custom_padding=\u00bb0px||0px|||\u00bb da_disable_devices=\u00bboff|off|off\u00bb global_colors_info=\u00bb{}\u00bb da_is_popup=\u00bboff\u00bb da_exit_intent=\u00bboff\u00bb da_has_close=\u00bbon\u00bb da_alt_close=\u00bboff\u00bb da_dark_close=\u00bboff\u00bb da_not_modal=\u00bbon\u00bb da_is_singular=\u00bboff\u00bb da_with_loader=\u00bboff\u00bb da_has_shadow=\u00bbon\u00bb][et_pb_row _builder_version=\u00bb4.17.6&#8243; _module_preset=\u00bbdefault\u00bb custom_padding=\u00bb0px||0px|||\u00bb global_colors_info=\u00bb{}\u00bb][et_pb_column type=\u00bb4_4&#8243; _builder_version=\u00bb4.17.6&#8243; _module_preset=\u00bbdefault\u00bb global_colors_info=\u00bb{}\u00bb][et_pb_image src=\u00bbhttps:\/\/grupologistico.mx\/wp-content\/uploads\/2022\/08\/Mesa-de-trabajo-4@2x.png\u00bb title_text=\u00bbMesa de trabajo 4@2x\u00bb align=\u00bbcenter\u00bb _builder_version=\u00bb4.17.6&#8243; _module_preset=\u00bbdefault\u00bb width=\u00bb76%\u00bb width_tablet=\u00bb100%\u00bb width_phone=\u00bb100%\u00bb width_last_edited=\u00bbon|tablet\u00bb global_colors_info=\u00bb{}\u00bb][\/et_pb_image][\/et_pb_column][\/et_pb_row][\/et_pb_section][et_pb_section fb_built=\u00bb1&#8243; _builder_version=\u00bb4.17.6&#8243; _module_preset=\u00bbdefault\u00bb da_disable_devices=\u00bboff|off|off\u00bb global_colors_info=\u00bb{}\u00bb da_is_popup=\u00bboff\u00bb da_exit_intent=\u00bboff\u00bb da_has_close=\u00bbon\u00bb da_alt_close=\u00bboff\u00bb da_dark_close=\u00bboff\u00bb da_not_modal=\u00bbon\u00bb da_is_singular=\u00bboff\u00bb da_with_loader=\u00bboff\u00bb da_has_shadow=\u00bbon\u00bb][et_pb_row column_structure=\u00bb1_3,2_3&#8243; use_custom_gutter=\u00bbon\u00bb gutter_width=\u00bb2&#8243; make_equal=\u00bbon\u00bb _builder_version=\u00bb4.17.6&#8243; _module_preset=\u00bbdefault\u00bb background_color=\u00bb#233c77&#8243; width=\u00bb100%\u00bb max_width=\u00bb1670px\u00bb custom_padding=\u00bb0px||0px||true|\u00bb global_colors_info=\u00bb{}\u00bb][et_pb_column type=\u00bb1_3&#8243; _builder_version=\u00bb4.17.6&#8243; _module_preset=\u00bbdefault\u00bb background_image=\u00bbhttps:\/\/grupologistico.mx\/wp-content\/uploads\/2022\/08\/Grupo-Logistico-mujer.png\u00bb global_colors_info=\u00bb{}\u00bb][et_pb_image src=\u00bbhttps:\/\/grupologistico.mx\/wp-content\/uploads\/2022\/08\/Grupo-Logistico-mujer.png\u00bb title_text=\u00bbGrupo-Logistico-mujer\u00bb disabled_on=\u00bboff|off|on\u00bb _builder_version=\u00bb4.17.6&#8243; _module_preset=\u00bbdefault\u00bb global_colors_info=\u00bb{}\u00bb][\/et_pb_image][\/et_pb_column][et_pb_column type=\u00bb2_3&#8243; _builder_version=\u00bb4.17.6&#8243; _module_preset=\u00bbdefault\u00bb global_colors_info=\u00bb{}\u00bb][et_pb_text _builder_version=\u00bb4.17.6&#8243; _module_preset=\u00bbdefault\u00bb text_font=\u00bbRoboto Condensed||||||||\u00bb text_text_color=\u00bb#FFFFFF\u00bb text_font_size=\u00bb18px\u00bb custom_padding=\u00bb35px||35px||true|\u00bb custom_padding_tablet=\u00bb|20px||20px|true|true\u00bb custom_padding_phone=\u00bb35px|20px|35px|20px|true|true\u00bb custom_padding_last_edited=\u00bbon|tablet\u00bb global_colors_info=\u00bb{}\u00bb]<\/p>\n<p><strong><span style=\"color: #f09001;\">Tecnolog\u00eda y equipamiento<\/span><\/strong><\/p>\n<p><strong>Equipamiento<\/strong><br \/>Contamos con una amplia flotilla de tractocamiones de modelo reciente con sistema antivolcadura, plataformas multiprop\u00f3sito, cajas refrigeradas y equipo para carga consolidada.<\/p>\n<p><strong>Seguridad<\/strong><br \/>Operamos con los m\u00e1s altos est\u00e1ndares de seguridad para ofrecer traslados m\u00e1s seguros y confiables.<\/p>\n<p>[\/et_pb_text][\/et_pb_column][\/et_pb_row][\/et_pb_section][et_pb_section fb_built=\u00bb1&#8243; custom_padding_last_edited=\u00bbon|tablet\u00bb _builder_version=\u00bb4.17.6&#8243; _module_preset=\u00bbdefault\u00bb background_image=\u00bbhttps:\/\/grupologistico.mx\/wp-content\/uploads\/2022\/08\/BANNER-ANTES-DE-PIE@2x-8.png\u00bb custom_padding=\u00bb179px||179px||true|\u00bb custom_padding_tablet=\u00bb50px||50px||true|false\u00bb custom_padding_phone=\u00bb50px||50px||true|false\u00bb da_disable_devices=\u00bboff|off|off\u00bb global_colors_info=\u00bb{}\u00bb da_is_popup=\u00bboff\u00bb da_exit_intent=\u00bboff\u00bb da_has_close=\u00bbon\u00bb da_alt_close=\u00bboff\u00bb da_dark_close=\u00bboff\u00bb da_not_modal=\u00bbon\u00bb da_is_singular=\u00bboff\u00bb da_with_loader=\u00bboff\u00bb da_has_shadow=\u00bbon\u00bb][et_pb_row _builder_version=\u00bb4.17.6&#8243; _module_preset=\u00bbdefault\u00bb global_colors_info=\u00bb{}\u00bb][et_pb_column type=\u00bb4_4&#8243; _builder_version=\u00bb4.17.6&#8243; _module_preset=\u00bbdefault\u00bb global_colors_info=\u00bb{}\u00bb][et_pb_divider color=\u00bb#f09001&#8243; divider_weight=\u00bb4px\u00bb _builder_version=\u00bb4.17.6&#8243; _module_preset=\u00bbdefault\u00bb width=\u00bb15%\u00bb module_alignment=\u00bbcenter\u00bb global_colors_info=\u00bb{}\u00bb][\/et_pb_divider][et_pb_text _builder_version=\u00bb4.17.6&#8243; _module_preset=\u00bbdefault\u00bb text_font=\u00bbRoboto Condensed||||||||\u00bb text_text_color=\u00bb#FFFFFF\u00bb text_font_size=\u00bb30px\u00bb text_line_height=\u00bb1.3em\u00bb text_orientation=\u00bbcenter\u00bb text_font_size_tablet=\u00bb30px\u00bb text_font_size_phone=\u00bb20px\u00bb text_font_size_last_edited=\u00bbon|phone\u00bb global_colors_info=\u00bb{}\u00bb]<\/p>\n<p>Todas nuestras unidades cuentan con monitoreo las <strong><span style=\"color: #f09001;\">24 horas los 365 d\u00edas del a\u00f1o<\/span><\/strong> por medio de sistemas de geolocalizaci\u00f3n de alta fidelidad.<\/p>\n<p>[\/et_pb_text][\/et_pb_column][\/et_pb_row][\/et_pb_section]<\/p>\n","protected":false},"excerpt":{"rendered":"<p>L\u00ednea de transporte para carga especializada que garantiza calidad, seguridad y puntualidad en sus servicios, con los mejores costos para robustecer la cadena de abastecimiento y suministros de mercanc\u00edas.Dise\u00f1amos soluciones integrales de transporte terrestre para todo tipo de carga.ServiciosDise\u00f1o de rutasTransporte de mercanc\u00edasContenedoresCarga sobredimensionadaCarga generalCarga consolidadaVentaja Competitiva\u25cf Servicio de Cuenta Espejo. \u25cf Unidades especializadas en [&hellip;]<\/p>\n","protected":false},"author":1,"featured_media":0,"parent":0,"menu_order":0,"comment_status":"closed","ping_status":"closed","template":"","meta":{"_et_pb_use_builder":"on","_et_pb_old_content":"<!-- wp:divi\/placeholder \/-->","_et_gb_content_width":"","footnotes":""},"class_list":["post-52","page","type-page","status-publish","hentry"],"yoast_head":"<!-- This site is optimized with the Yoast SEO plugin v27.5 - https:\/\/yoast.com\/product\/yoast-seo-wordpress\/ -->\n<title>Transportes Manzanillo - Grupo Log\u00edstico de la Cuenca del Pac\u00edfico<\/title>\n<meta name=\"robots\" content=\"index, follow, max-snippet:-1, max-image-preview:large, max-video-preview:-1\" \/>\n<link rel=\"canonical\" href=\"https:\/\/grupologistico.mx\/?page_id=52\" \/>\n<meta property=\"og:locale\" content=\"es_ES\" \/>\n<meta property=\"og:type\" content=\"article\" \/>\n<meta property=\"og:title\" content=\"Transportes Manzanillo - Grupo Log\u00edstico de la Cuenca del Pac\u00edfico\" \/>\n<meta property=\"og:description\" content=\"L\u00ednea de transporte para carga especializada que garantiza calidad, seguridad y puntualidad en sus servicios, con los mejores costos para robustecer la cadena de abastecimiento y suministros de mercanc\u00edas.Dise\u00f1amos soluciones integrales de transporte terrestre para todo tipo de carga.ServiciosDise\u00f1o de rutasTransporte de mercanc\u00edasContenedoresCarga sobredimensionadaCarga generalCarga consolidadaVentaja Competitiva\u25cf Servicio de Cuenta Espejo. \u25cf Unidades especializadas en [&hellip;]\" \/>\n<meta property=\"og:url\" content=\"https:\/\/grupologistico.mx\/?page_id=52\" \/>\n<meta property=\"og:site_name\" content=\"Grupo Log\u00edstico de la Cuenca del Pac\u00edfico\" \/>\n<meta property=\"article:modified_time\" content=\"2026-04-30T16:15:41+00:00\" \/>\n<meta name=\"twitter:card\" content=\"summary_large_image\" \/>\n<meta name=\"twitter:label1\" content=\"Tiempo de lectura\" \/>\n\t<meta name=\"twitter:data1\" content=\"2 minutos\" \/>\n<script type=\"application\/ld+json\" class=\"yoast-schema-graph\">{\"@context\":\"https:\\\/\\\/schema.org\",\"@graph\":[{\"@type\":\"WebPage\",\"@id\":\"https:\\\/\\\/grupologistico.mx\\\/?page_id=52\",\"url\":\"https:\\\/\\\/grupologistico.mx\\\/?page_id=52\",\"name\":\"Transportes Manzanillo - Grupo Log\u00edstico de la Cuenca del Pac\u00edfico\",\"isPartOf\":{\"@id\":\"https:\\\/\\\/grupologistico.mx\\\/#website\"},\"datePublished\":\"2022-08-09T22:19:03+00:00\",\"dateModified\":\"2026-04-30T16:15:41+00:00\",\"breadcrumb\":{\"@id\":\"https:\\\/\\\/grupologistico.mx\\\/?page_id=52#breadcrumb\"},\"inLanguage\":\"es\",\"potentialAction\":[{\"@type\":\"ReadAction\",\"target\":[\"https:\\\/\\\/grupologistico.mx\\\/?page_id=52\"]}]},{\"@type\":\"BreadcrumbList\",\"@id\":\"https:\\\/\\\/grupologistico.mx\\\/?page_id=52#breadcrumb\",\"itemListElement\":[{\"@type\":\"ListItem\",\"position\":1,\"name\":\"Portada\",\"item\":\"https:\\\/\\\/grupologistico.mx\\\/\"},{\"@type\":\"ListItem\",\"position\":2,\"name\":\"Transportes Manzanillo\"}]},{\"@type\":\"WebSite\",\"@id\":\"https:\\\/\\\/grupologistico.mx\\\/#website\",\"url\":\"https:\\\/\\\/grupologistico.mx\\\/\",\"name\":\"Grupo Log\u00edstico de la Cuenca del Pac\u00edfico\",\"description\":\"Grupo Log\u00edstico de la Cuenca del Pac\u00edfico\",\"potentialAction\":[{\"@type\":\"SearchAction\",\"target\":{\"@type\":\"EntryPoint\",\"urlTemplate\":\"https:\\\/\\\/grupologistico.mx\\\/?s={search_term_string}\"},\"query-input\":{\"@type\":\"PropertyValueSpecification\",\"valueRequired\":true,\"valueName\":\"search_term_string\"}}],\"inLanguage\":\"es\"}]}<\/script>\n<!-- \/ Yoast SEO plugin. -->","yoast_head_json":{"title":"Transportes Manzanillo - Grupo Log\u00edstico de la Cuenca del Pac\u00edfico","robots":{"index":"index","follow":"follow","max-snippet":"max-snippet:-1","max-image-preview":"max-image-preview:large","max-video-preview":"max-video-preview:-1"},"canonical":"https:\/\/grupologistico.mx\/?page_id=52","og_locale":"es_ES","og_type":"article","og_title":"Transportes Manzanillo - Grupo Log\u00edstico de la Cuenca del Pac\u00edfico","og_description":"L\u00ednea de transporte para carga especializada que garantiza calidad, seguridad y puntualidad en sus servicios, con los mejores costos para robustecer la cadena de abastecimiento y suministros de mercanc\u00edas.Dise\u00f1amos soluciones integrales de transporte terrestre para todo tipo de carga.ServiciosDise\u00f1o de rutasTransporte de mercanc\u00edasContenedoresCarga sobredimensionadaCarga generalCarga consolidadaVentaja Competitiva\u25cf Servicio de Cuenta Espejo. \u25cf Unidades especializadas en [&hellip;]","og_url":"https:\/\/grupologistico.mx\/?page_id=52","og_site_name":"Grupo Log\u00edstico de la Cuenca del Pac\u00edfico","article_modified_time":"2026-04-30T16:15:41+00:00","twitter_card":"summary_large_image","twitter_misc":{"Tiempo de lectura":"2 minutos"},"schema":{"@context":"https:\/\/schema.org","@graph":[{"@type":"WebPage","@id":"https:\/\/grupologistico.mx\/?page_id=52","url":"https:\/\/grupologistico.mx\/?page_id=52","name":"Transportes Manzanillo - Grupo Log\u00edstico de la Cuenca del Pac\u00edfico","isPartOf":{"@id":"https:\/\/grupologistico.mx\/#website"},"datePublished":"2022-08-09T22:19:03+00:00","dateModified":"2026-04-30T16:15:41+00:00","breadcrumb":{"@id":"https:\/\/grupologistico.mx\/?page_id=52#breadcrumb"},"inLanguage":"es","potentialAction":[{"@type":"ReadAction","target":["https:\/\/grupologistico.mx\/?page_id=52"]}]},{"@type":"BreadcrumbList","@id":"https:\/\/grupologistico.mx\/?page_id=52#breadcrumb","itemListElement":[{"@type":"ListItem","position":1,"name":"Portada","item":"https:\/\/grupologistico.mx\/"},{"@type":"ListItem","position":2,"name":"Transportes Manzanillo"}]},{"@type":"WebSite","@id":"https:\/\/grupologistico.mx\/#website","url":"https:\/\/grupologistico.mx\/","name":"Grupo Log\u00edstico de la Cuenca del Pac\u00edfico","description":"Grupo Log\u00edstico de la Cuenca del Pac\u00edfico","potentialAction":[{"@type":"SearchAction","target":{"@type":"EntryPoint","urlTemplate":"https:\/\/grupologistico.mx\/?s={search_term_string}"},"query-input":{"@type":"PropertyValueSpecification","valueRequired":true,"valueName":"search_term_string"}}],"inLanguage":"es"}]}},"_links":{"self":[{"href":"https:\/\/grupologistico.mx\/index.php?rest_route=\/wp\/v2\/pages\/52","targetHints":{"allow":["GET"]}}],"collection":[{"href":"https:\/\/grupologistico.mx\/index.php?rest_route=\/wp\/v2\/pages"}],"about":[{"href":"https:\/\/grupologistico.mx\/index.php?rest_route=\/wp\/v2\/types\/page"}],"author":[{"embeddable":true,"href":"https:\/\/grupologistico.mx\/index.php?rest_route=\/wp\/v2\/users\/1"}],"replies":[{"embeddable":true,"href":"https:\/\/grupologistico.mx\/index.php?rest_route=%2Fwp%2Fv2%2Fcomments&post=52"}],"version-history":[{"count":32,"href":"https:\/\/grupologistico.mx\/index.php?rest_route=\/wp\/v2\/pages\/52\/revisions"}],"predecessor-version":[{"id":1610,"href":"https:\/\/grupologistico.mx\/index.php?rest_route=\/wp\/v2\/pages\/52\/revisions\/1610"}],"wp:attachment":[{"href":"https:\/\/grupologistico.mx\/index.php?rest_route=%2Fwp%2Fv2%2Fmedia&parent=52"}],"curies":[{"name":"wp","href":"https:\/\/api.w.org\/{rel}","templated":true}]}}